{"id":225,"date":"2025-05-09T16:12:34","date_gmt":"2025-05-09T07:12:34","guid":{"rendered":"http:\/\/contents-construction.com\/?page_id=225"},"modified":"2025-05-10T11:25:45","modified_gmt":"2025-05-10T02:25:45","slug":"home-portugues","status":"publish","type":"page","link":"https:\/\/contents-construction.com\/?page_id=225&lang=pt","title":{"rendered":"Home &#8211; Portugu\u00eas"},"content":{"rendered":"\n<h1 class=\"wp-block-heading has-text-align-center\">Leve o que voc\u00ea ama ao mundo.<\/h1>\n\n\n\n<div class=\"wp-block-vk-blocks-spacer vk_spacer vk_spacer-type-margin-top\"><div class=\"vk_block-margin-md--margin-top\"><\/div><\/div>\n\n\n\n<p><\/p>\n\n\n\n<div class=\"wp-block-columns is-layout-flex wp-container-core-columns-is-layout-9d6595d7 wp-block-columns-is-layout-flex\">\n<div class=\"wp-block-column is-layout-flow wp-block-column-is-layout-flow\">\n<figure class=\"wp-block-image size-full\"><img loading=\"lazy\" decoding=\"async\" width=\"480\" height=\"480\" src=\"http:\/\/contents-construction.com\/wp-content\/uploads\/2025\/05\/001.png\" alt=\"\" class=\"wp-image-196\" srcset=\"https:\/\/contents-construction.com\/wp-content\/uploads\/2025\/05\/001.png 480w, https:\/\/contents-construction.com\/wp-content\/uploads\/2025\/05\/001-300x300.png 300w, https:\/\/contents-construction.com\/wp-content\/uploads\/2025\/05\/001-150x150.png 150w\" sizes=\"auto, (max-width: 480px) 100vw, 480px\" \/><\/figure>\n\n\n\n<h2 class=\"wp-block-heading has-text-align-center\">Suporte \u00e0 expans\u00e3o global<\/h2>\n\n\n\n<ul class=\"wp-block-list\">\n<li>Apoio para participa\u00e7\u00e3o em eventos internacionais<\/li>\n\n\n\n<li>Planejamento de promo\u00e7\u00e3o e branding<\/li>\n\n\n\n<li>Localiza\u00e7\u00e3o e parceria com equipes locais<\/li>\n<\/ul>\n<\/div>\n\n\n\n<div class=\"wp-block-column is-layout-flow wp-block-column-is-layout-flow\">\n<figure class=\"wp-block-image size-full\"><img loading=\"lazy\" decoding=\"async\" width=\"640\" height=\"640\" src=\"http:\/\/contents-construction.com\/wp-content\/uploads\/2025\/05\/002.png\" alt=\"\" class=\"wp-image-197\" srcset=\"https:\/\/contents-construction.com\/wp-content\/uploads\/2025\/05\/002.png 640w, https:\/\/contents-construction.com\/wp-content\/uploads\/2025\/05\/002-300x300.png 300w, https:\/\/contents-construction.com\/wp-content\/uploads\/2025\/05\/002-150x150.png 150w, https:\/\/contents-construction.com\/wp-content\/uploads\/2025\/05\/002-600x600.png 600w\" sizes=\"auto, (max-width: 640px) 100vw, 640px\" \/><\/figure>\n\n\n\n<h2 class=\"wp-block-heading has-text-align-center\">Pesquisa orientada para f\u00e3s<\/h2>\n\n\n\n<ul class=\"wp-block-list\">\n<li>An\u00e1lise de gostos e comportamentos otaku por regi\u00e3o<\/li>\n\n\n\n<li>Estudos segmentados e an\u00e1lise de dados<\/li>\n\n\n\n<li>Relat\u00f3rios sobre tend\u00eancias e fandoms<\/li>\n<\/ul>\n<\/div>\n\n\n\n<div class=\"wp-block-column is-layout-flow wp-block-column-is-layout-flow\">\n<figure class=\"wp-block-image size-full\"><img loading=\"lazy\" decoding=\"async\" width=\"640\" height=\"640\" src=\"http:\/\/contents-construction.com\/wp-content\/uploads\/2025\/05\/003.png\" alt=\"\" class=\"wp-image-198\" srcset=\"https:\/\/contents-construction.com\/wp-content\/uploads\/2025\/05\/003.png 640w, https:\/\/contents-construction.com\/wp-content\/uploads\/2025\/05\/003-300x300.png 300w, https:\/\/contents-construction.com\/wp-content\/uploads\/2025\/05\/003-150x150.png 150w, https:\/\/contents-construction.com\/wp-content\/uploads\/2025\/05\/003-600x600.png 600w\" sizes=\"auto, (max-width: 640px) 100vw, 640px\" \/><\/figure>\n\n\n\n<h2 class=\"wp-block-heading has-text-align-center\">Rede internacional s\u00f3lida<\/h2>\n\n\n\n<ul class=\"wp-block-list\">\n<li>Foco em China, Sudeste Asi\u00e1tico e Am\u00e9rica do Sul<\/li>\n\n\n\n<li>Parcerias com eventos de anime, doujin e cultura pop, grandes e pequenos<\/li>\n\n\n\n<li>Insights reais obtidos diretamente de f\u00e3s locais<\/li>\n<\/ul>\n<\/div>\n<\/div>\n","protected":false},"excerpt":{"rendered":"<p>Leve o que voc\u00ea ama ao mundo. Suporte \u00e0 expans\u00e3o global Pesquisa orientada para f\u00e3s Rede internacional s\u00f3lida<\/p>\n","protected":false},"author":1,"featured_media":0,"parent":0,"menu_order":0,"comment_status":"closed","ping_status":"closed","template":"","meta":{"vkexunit_cta_each_option":"","footnotes":""},"class_list":["post-225","page","type-page","status-publish","hentry"],"featured_media_urls":[],"_links":{"self":[{"href":"https:\/\/contents-construction.com\/index.php?rest_route=\/wp\/v2\/pages\/225","targetHints":{"allow":["GET"]}}],"collection":[{"href":"https:\/\/contents-construction.com\/index.php?rest_route=\/wp\/v2\/pages"}],"about":[{"href":"https:\/\/contents-construction.com\/index.php?rest_route=\/wp\/v2\/types\/page"}],"author":[{"embeddable":true,"href":"https:\/\/contents-construction.com\/index.php?rest_route=\/wp\/v2\/users\/1"}],"replies":[{"embeddable":true,"href":"https:\/\/contents-construction.com\/index.php?rest_route=%2Fwp%2Fv2%2Fcomments&post=225"}],"version-history":[{"count":4,"href":"https:\/\/contents-construction.com\/index.php?rest_route=\/wp\/v2\/pages\/225\/revisions"}],"predecessor-version":[{"id":281,"href":"https:\/\/contents-construction.com\/index.php?rest_route=\/wp\/v2\/pages\/225\/revisions\/281"}],"wp:attachment":[{"href":"https:\/\/contents-construction.com\/index.php?rest_route=%2Fwp%2Fv2%2Fmedia&parent=225"}],"curies":[{"name":"wp","href":"https:\/\/api.w.org\/{rel}","templated":true}]}}