{"id":226,"date":"2025-05-09T16:12:34","date_gmt":"2025-05-09T07:12:34","guid":{"rendered":"http:\/\/contents-construction.com\/?page_id=226"},"modified":"2025-05-10T11:26:00","modified_gmt":"2025-05-10T02:26:00","slug":"home-espanol","status":"publish","type":"page","link":"https:\/\/contents-construction.com\/?page_id=226&lang=es","title":{"rendered":"Home &#8211; Espa\u00f1ol"},"content":{"rendered":"\n<h1 class=\"wp-block-heading has-text-align-center\">Lleva tu pasi\u00f3n al mundo.<\/h1>\n\n\n\n<div class=\"wp-block-vk-blocks-spacer vk_spacer vk_spacer-type-margin-top\"><div class=\"vk_block-margin-md--margin-top\"><\/div><\/div>\n\n\n\n<p><\/p>\n\n\n\n<div class=\"wp-block-columns is-layout-flex wp-container-core-columns-is-layout-9d6595d7 wp-block-columns-is-layout-flex\">\n<div class=\"wp-block-column is-layout-flow wp-block-column-is-layout-flow\">\n<figure class=\"wp-block-image size-full\"><img loading=\"lazy\" decoding=\"async\" width=\"480\" height=\"480\" src=\"http:\/\/contents-construction.com\/wp-content\/uploads\/2025\/05\/001.png\" alt=\"\" class=\"wp-image-196\" srcset=\"https:\/\/contents-construction.com\/wp-content\/uploads\/2025\/05\/001.png 480w, https:\/\/contents-construction.com\/wp-content\/uploads\/2025\/05\/001-300x300.png 300w, https:\/\/contents-construction.com\/wp-content\/uploads\/2025\/05\/001-150x150.png 150w\" sizes=\"auto, (max-width: 480px) 100vw, 480px\" \/><\/figure>\n\n\n\n<h2 class=\"wp-block-heading has-text-align-center\">Apoyo para la expansi\u00f3n internacional<\/h2>\n\n\n\n<ul class=\"wp-block-list\">\n<li>Asistencia para participar en eventos internacionales<\/li>\n\n\n\n<li>Planificaci\u00f3n de promoci\u00f3n y marca<\/li>\n\n\n\n<li>Localizaci\u00f3n y colaboraci\u00f3n con socios locales<\/li>\n<\/ul>\n<\/div>\n\n\n\n<div class=\"wp-block-column is-layout-flow wp-block-column-is-layout-flow\">\n<figure class=\"wp-block-image size-full\"><img loading=\"lazy\" decoding=\"async\" width=\"640\" height=\"640\" src=\"http:\/\/contents-construction.com\/wp-content\/uploads\/2025\/05\/002.png\" alt=\"\" class=\"wp-image-197\" srcset=\"https:\/\/contents-construction.com\/wp-content\/uploads\/2025\/05\/002.png 640w, https:\/\/contents-construction.com\/wp-content\/uploads\/2025\/05\/002-300x300.png 300w, https:\/\/contents-construction.com\/wp-content\/uploads\/2025\/05\/002-150x150.png 150w, https:\/\/contents-construction.com\/wp-content\/uploads\/2025\/05\/002-600x600.png 600w\" sizes=\"auto, (max-width: 640px) 100vw, 640px\" \/><\/figure>\n\n\n\n<h2 class=\"wp-block-heading has-text-align-center\">Investigaci\u00f3n centrada en los fans<\/h2>\n\n\n\n<ul class=\"wp-block-list\">\n<li>An\u00e1lisis de preferencias y comportamiento otaku por regi\u00f3n<\/li>\n\n\n\n<li>Estudios segmentados y an\u00e1lisis de datos<\/li>\n\n\n\n<li>Informes de tendencias y fandoms<\/li>\n<\/ul>\n<\/div>\n\n\n\n<div class=\"wp-block-column is-layout-flow wp-block-column-is-layout-flow\">\n<figure class=\"wp-block-image size-full\"><img loading=\"lazy\" decoding=\"async\" width=\"640\" height=\"640\" src=\"http:\/\/contents-construction.com\/wp-content\/uploads\/2025\/05\/003.png\" alt=\"\" class=\"wp-image-198\" srcset=\"https:\/\/contents-construction.com\/wp-content\/uploads\/2025\/05\/003.png 640w, https:\/\/contents-construction.com\/wp-content\/uploads\/2025\/05\/003-300x300.png 300w, https:\/\/contents-construction.com\/wp-content\/uploads\/2025\/05\/003-150x150.png 150w, https:\/\/contents-construction.com\/wp-content\/uploads\/2025\/05\/003-600x600.png 600w\" sizes=\"auto, (max-width: 640px) 100vw, 640px\" \/><\/figure>\n\n\n\n<h2 class=\"wp-block-heading has-text-align-center\">Red internacional s\u00f3lida<\/h2>\n\n\n\n<ul class=\"wp-block-list\">\n<li>Enfoque en China, el sudeste asi\u00e1tico y Am\u00e9rica del Sur<\/li>\n\n\n\n<li>Colaboraci\u00f3n con eventos de anime, doujin y cultura pop, grandes y peque\u00f1os<\/li>\n\n\n\n<li>Perspectivas reales obtenidas de los fans locales<\/li>\n<\/ul>\n<\/div>\n<\/div>\n","protected":false},"excerpt":{"rendered":"<p>Lleva tu pasi\u00f3n al mundo. Apoyo para la expansi\u00f3n internacional Investigaci\u00f3n centrada en los fans Red interna&#8230; <a class=\"read-more\" href=\"https:\/\/contents-construction.com\/?page_id=226&#038;lang=es\">\u7d9a\u304d\u3092\u8aad\u3080 \u2192<\/a><\/p>\n","protected":false},"author":1,"featured_media":0,"parent":0,"menu_order":0,"comment_status":"closed","ping_status":"closed","template":"","meta":{"vkexunit_cta_each_option":"","footnotes":""},"class_list":["post-226","page","type-page","status-publish","hentry"],"featured_media_urls":[],"_links":{"self":[{"href":"https:\/\/contents-construction.com\/index.php?rest_route=\/wp\/v2\/pages\/226","targetHints":{"allow":["GET"]}}],"collection":[{"href":"https:\/\/contents-construction.com\/index.php?rest_route=\/wp\/v2\/pages"}],"about":[{"href":"https:\/\/contents-construction.com\/index.php?rest_route=\/wp\/v2\/types\/page"}],"author":[{"embeddable":true,"href":"https:\/\/contents-construction.com\/index.php?rest_route=\/wp\/v2\/users\/1"}],"replies":[{"embeddable":true,"href":"https:\/\/contents-construction.com\/index.php?rest_route=%2Fwp%2Fv2%2Fcomments&post=226"}],"version-history":[{"count":4,"href":"https:\/\/contents-construction.com\/index.php?rest_route=\/wp\/v2\/pages\/226\/revisions"}],"predecessor-version":[{"id":282,"href":"https:\/\/contents-construction.com\/index.php?rest_route=\/wp\/v2\/pages\/226\/revisions\/282"}],"wp:attachment":[{"href":"https:\/\/contents-construction.com\/index.php?rest_route=%2Fwp%2Fv2%2Fmedia&parent=226"}],"curies":[{"name":"wp","href":"https:\/\/api.w.org\/{rel}","templated":true}]}}