{"id":236,"date":"2025-05-10T09:30:29","date_gmt":"2025-05-10T00:30:29","guid":{"rendered":"http:\/\/contents-construction.com\/?page_id=236"},"modified":"2025-05-11T13:23:10","modified_gmt":"2025-05-11T04:23:10","slug":"sobre-nos","status":"publish","type":"page","link":"https:\/\/contents-construction.com\/?page_id=236&lang=pt","title":{"rendered":"Sobre N\u00f3s"},"content":{"rendered":"\n<h1 class=\"wp-block-heading has-text-align-center has-large-font-size\" id=\"inspiro-is-a-digital-product-agency-that-focuses-on-strategy-and-design\" style=\"font-style:normal;font-weight:100\"><strong>Sobre a empresa<\/strong><\/h1>\n\n\n\n<p class=\"has-text-align-left\"><strong>A Contents Construction conecta o Jap\u00e3o ao mundo por meio de diversas express\u00f5es da cultura otaku, como anime, mang\u00e1, games, cosplay e arte contempor\u00e2nea. Apoiamos criadores, marcas e empresas a se conectar com comunidades otaku e expandir para novos mercados internacionais.<\/strong><\/p>\n\n\n\n<div class=\"wp-block-vk-blocks-spacer vk_spacer vk_spacer-type-margin-top\"><div class=\"vk_block-margin-md--margin-top\"><\/div><\/div>\n\n\n\n<div class=\"wp-block-media-text is-stacked-on-mobile\"><figure class=\"wp-block-media-text__media\"><img loading=\"lazy\" decoding=\"async\" width=\"1024\" height=\"870\" src=\"http:\/\/contents-construction.com\/wp-content\/uploads\/2025\/05\/image5-1024x870.jpg\" alt=\"\" class=\"wp-image-200 size-full\" srcset=\"https:\/\/contents-construction.com\/wp-content\/uploads\/2025\/05\/image5-1024x870.jpg 1024w, https:\/\/contents-construction.com\/wp-content\/uploads\/2025\/05\/image5-300x255.jpg 300w, https:\/\/contents-construction.com\/wp-content\/uploads\/2025\/05\/image5-768x653.jpg 768w, https:\/\/contents-construction.com\/wp-content\/uploads\/2025\/05\/image5-600x510.jpg 600w, https:\/\/contents-construction.com\/wp-content\/uploads\/2025\/05\/image5.jpg 1059w\" sizes=\"auto, (max-width: 1024px) 100vw, 1024px\" \/><\/figure><div class=\"wp-block-media-text__content\">\n<h2 class=\"wp-block-heading\">Agenciamento de artistas japoneses<\/h2>\n\n\n\n<p>Organizamos a participa\u00e7\u00e3o de cantores de anime, mangak\u00e1s, ilustradores, dubladores, atores e outros artistas japoneses em eventos internacionais, cuidando de todas as etapas log\u00edsticas.<\/p>\n<\/div><\/div>\n\n\n\n<div class=\"wp-block-media-text has-media-on-the-right is-stacked-on-mobile\"><div class=\"wp-block-media-text__content\">\n<h2 class=\"wp-block-heading\">Propostas e apoio para eventos<\/h2>\n\n\n\n<p>Criamos juntos conte\u00fados impactantes como talk shows, shows, oficinas e exposi\u00e7\u00f5es em g\u00eaneros como anime, mang\u00e1, games, cosplay e arte contempor\u00e2nea.<\/p>\n<\/div><figure class=\"wp-block-media-text__media\"><img loading=\"lazy\" decoding=\"async\" width=\"1024\" height=\"768\" src=\"http:\/\/contents-construction.com\/wp-content\/uploads\/2025\/05\/image27-1024x768.jpeg\" alt=\"\" class=\"wp-image-201 size-full\" srcset=\"https:\/\/contents-construction.com\/wp-content\/uploads\/2025\/05\/image27-1024x768.jpeg 1024w, https:\/\/contents-construction.com\/wp-content\/uploads\/2025\/05\/image27-300x225.jpeg 300w, https:\/\/contents-construction.com\/wp-content\/uploads\/2025\/05\/image27-768x576.jpeg 768w, https:\/\/contents-construction.com\/wp-content\/uploads\/2025\/05\/image27-600x450.jpeg 600w, https:\/\/contents-construction.com\/wp-content\/uploads\/2025\/05\/image27-1200x900.jpeg 1200w, https:\/\/contents-construction.com\/wp-content\/uploads\/2025\/05\/image27.jpeg 1264w\" sizes=\"auto, (max-width: 1024px) 100vw, 1024px\" \/><\/figure><\/div>\n","protected":false},"excerpt":{"rendered":"<p>Sobre a empresa A Contents Construction conecta o Jap\u00e3o ao mundo por meio de diversas express\u00f5es da cultura ot&#8230; <a class=\"read-more\" href=\"https:\/\/contents-construction.com\/?page_id=236&#038;lang=pt\">\u7d9a\u304d\u3092\u8aad\u3080 \u2192<\/a><\/p>\n","protected":false},"author":1,"featured_media":0,"parent":0,"menu_order":0,"comment_status":"closed","ping_status":"closed","template":"_g2\/page-onecolumn.php","meta":{"vkexunit_cta_each_option":"","footnotes":""},"class_list":["post-236","page","type-page","status-publish","hentry"],"featured_media_urls":[],"_links":{"self":[{"href":"https:\/\/contents-construction.com\/index.php?rest_route=\/wp\/v2\/pages\/236","targetHints":{"allow":["GET"]}}],"collection":[{"href":"https:\/\/contents-construction.com\/index.php?rest_route=\/wp\/v2\/pages"}],"about":[{"href":"https:\/\/contents-construction.com\/index.php?rest_route=\/wp\/v2\/types\/page"}],"author":[{"embeddable":true,"href":"https:\/\/contents-construction.com\/index.php?rest_route=\/wp\/v2\/users\/1"}],"replies":[{"embeddable":true,"href":"https:\/\/contents-construction.com\/index.php?rest_route=%2Fwp%2Fv2%2Fcomments&post=236"}],"version-history":[{"count":2,"href":"https:\/\/contents-construction.com\/index.php?rest_route=\/wp\/v2\/pages\/236\/revisions"}],"predecessor-version":[{"id":349,"href":"https:\/\/contents-construction.com\/index.php?rest_route=\/wp\/v2\/pages\/236\/revisions\/349"}],"wp:attachment":[{"href":"https:\/\/contents-construction.com\/index.php?rest_route=%2Fwp%2Fv2%2Fmedia&parent=236"}],"curies":[{"name":"wp","href":"https:\/\/api.w.org\/{rel}","templated":true}]}}